{"id":921,"date":"2022-04-04T10:14:20","date_gmt":"2022-04-04T08:14:20","guid":{"rendered":"https:\/\/foodgroup.vps005.visible.be\/privacy-policy\/"},"modified":"2022-05-23T13:45:49","modified_gmt":"2022-05-23T11:45:49","slug":"privacy-policy","status":"publish","type":"page","link":"https:\/\/detryfoodgroup.be\/de\/privacy-policy\/","title":{"rendered":"Privacy policy"},"content":{"rendered":"\t\t<div data-elementor-type=\"wp-page\" data-elementor-id=\"921\" class=\"elementor elementor-921\" data-elementor-post-type=\"page\">\n\t\t\t\t\t\t<section class=\"elementor-section elementor-top-section elementor-element elementor-element-25bf6cb0 elementor-section-boxed elementor-section-height-default elementor-section-height-default\" data-id=\"25bf6cb0\" data-element_type=\"section\" data-e-type=\"section\">\n\t\t\t\t\t\t<div class=\"elementor-container elementor-column-gap-default\">\n\t\t\t\t\t<div class=\"elementor-column elementor-col-100 elementor-top-column elementor-element elementor-element-288809ba\" data-id=\"288809ba\" data-element_type=\"column\" data-e-type=\"column\">\n\t\t\t<div class=\"elementor-widget-wrap elementor-element-populated\">\n\t\t\t\t\t\t<div class=\"elementor-element elementor-element-9266a7c elementor-widget elementor-widget-text-editor\" data-id=\"9266a7c\" data-element_type=\"widget\" data-e-type=\"widget\" data-widget_type=\"text-editor.default\">\n\t\t\t\t<div class=\"elementor-widget-container\">\n\t\t\t\t\t\t\t\t\t<h1>Privacy policy<\/h1>\r\n<strong><u>Datenschutzerkl\u00e4rung<\/u><\/strong>\r\n\r\nDie von Ihnen zur Verf\u00fcgung gestellten personenbezogenen Daten werden gem\u00e4\u00df dem Gesetz vom 8.\u00a0Dezember 1992 \u00fcber den Schutz des Privatlebens hinsichtlich der Verarbeitung personenbezogener Daten und der Datenschutz-Grundverordnung (DSGVO \u2013 EU-Verordnung Nr. 2016\/679 vom 27.\u00a0April 2016) verarbeitet.\r\n\r\nIhre Daten werden in den Dateien der Firma DETRY FOOD GROUP NV, rue de Merckhof 110, 4880 AUBEL, Belgien (Nr. 0750.520.474 im Register f\u00fcr juristische Personen\/RPM L\u00fcttich, Abteilung Verviers) erfasst, die f\u00fcr deren Verarbeitung verantwortlich ist.\r\n\r\nDie Daten werden zur Bearbeitung der Anfragen verwendet, die Sie \u00fcber das Online-Formular \u00fcbermitteln. Ferner k\u00f6nnen sie f\u00fcr statistische Zwecke verwendet werden.\r\n\r\nIn Bezug auf die Daten, die Sie uns \u00fcbermitteln, haben Sie jederzeit die folgenden Rechte:\r\n<ul>\r\n \t<li>Informationsrecht und Zugang zu den Daten, die Sie betreffen,<\/li>\r\n \t<li>das Recht auf Berichtigung oder L\u00f6schung dieser Daten,<\/li>\r\n \t<li>das Recht, die Verarbeitung dieser Daten einzuschr\u00e4nken,<\/li>\r\n \t<li>das Recht, ihrer Verarbeitung zu widersprechen.<\/li>\r\n<\/ul>\r\nUm diese Rechte auszu\u00fcben, k\u00f6nnen Sie uns kontaktieren:\r\n<ul>\r\n \t<li>per E-Mail an die Adresse: remove@detry.com,<\/li>\r\n \t<li>per Fax an die Nummer: 087\/680 613;<\/li>\r\n \t<li>per Post an die Anschrift:DETRY FOOD GROUP NV \u2013 Service Marketing \u2013 rue de Merckhof 110, 4880 AUBEL, Belgien.<\/li>\r\n<\/ul>\r\nWir speichern Ihre Daten so lange, wie es f\u00fcr die Bearbeitung Ihrer Anfrage und f\u00fcr Archivierungszwecke erforderlich ist. Die Daten werden gel\u00f6scht, sobald Sie von Ihrem oben genannten Recht auf L\u00f6schung Gebrauch machen.\r\n\r\nFerner m\u00f6chten wir Sie vorsorglich dar\u00fcber informieren, dass Sie, falls Sie der Ansicht sind, die Verarbeitung Ihrer Daten sei nicht rechtskonform, die M\u00f6glichkeit haben, dies der\u00a0Datenschutzbeh\u00f6rde (contact@apd.gba.be)\u00a0zu melden.\r\n\r\n<strong><u>Cookies<\/u><\/strong><strong>\u00a0<\/strong>\r\n\r\nWir weisen Sie darauf hin, dass wir allgemeine Cookies verwenden, um die Benutzerfreundlichkeit unserer Website zu verbessern. Sie haben die M\u00f6glichkeit, Ihre Browsereinstellungen so zu \u00e4ndern, dass die Verwendung dieser Cookies unterbunden wird.\r\n\r\n<strong>\u00a0<\/strong>\r\n\r\n<strong>\u00a0<\/strong>\t\t\t\t\t\t\t\t<\/div>\n\t\t\t\t<\/div>\n\t\t\t\t\t<\/div>\n\t\t<\/div>\n\t\t\t\t\t<\/div>\n\t\t<\/section>\n\t\t\t\t<\/div>\n\t\t","protected":false},"excerpt":{"rendered":"<p>Privacy policy Datenschutzerkl\u00e4rung Die von Ihnen zur Verf\u00fcgung gestellten personenbezogenen Daten werden gem\u00e4\u00df dem Gesetz vom 8.\u00a0Dezember 1992 \u00fcber den Schutz des Privatlebens hinsichtlich der Verarbeitung personenbezogener Daten und der Datenschutz-Grundverordnung (DSGVO \u2013 EU-Verordnung Nr. 2016\/679 vom 27.\u00a0April 2016) verarbeitet. Ihre Daten werden in den Dateien der Firma DETRY FOOD GROUP NV, rue de Merckhof [&hellip;]<\/p>\n","protected":false},"author":1,"featured_media":0,"parent":0,"menu_order":0,"comment_status":"closed","ping_status":"closed","template":"","meta":{"inline_featured_image":false,"footnotes":""},"class_list":["post-921","page","type-page","status-publish","hentry"],"yoast_head":"<!-- This site is optimized with the Yoast SEO plugin v27.3 - https:\/\/yoast.com\/product\/yoast-seo-wordpress\/ -->\n<title>Privacy policy - Detry Food Group<\/title>\n<meta name=\"robots\" content=\"index, follow, max-snippet:-1, max-image-preview:large, max-video-preview:-1\" \/>\n<link rel=\"canonical\" href=\"https:\/\/detryfoodgroup.be\/privacy-policy\/\" \/>\n<meta property=\"og:locale\" content=\"de_DE\" \/>\n<meta property=\"og:type\" content=\"article\" \/>\n<meta property=\"og:title\" content=\"Privacy policy - Detry Food Group\" \/>\n<meta property=\"og:description\" content=\"Privacy policy Datenschutzerkl\u00e4rung Die von Ihnen zur Verf\u00fcgung gestellten personenbezogenen Daten werden gem\u00e4\u00df dem Gesetz vom 8.\u00a0Dezember 1992 \u00fcber den Schutz des Privatlebens hinsichtlich der Verarbeitung personenbezogener Daten und der Datenschutz-Grundverordnung (DSGVO \u2013 EU-Verordnung Nr. 2016\/679 vom 27.\u00a0April 2016) verarbeitet. Ihre Daten werden in den Dateien der Firma DETRY FOOD GROUP NV, rue de Merckhof [&hellip;]\" \/>\n<meta property=\"og:url\" content=\"https:\/\/detryfoodgroup.be\/privacy-policy\/\" \/>\n<meta property=\"og:site_name\" content=\"Detry Food Group\" \/>\n<meta property=\"article:modified_time\" content=\"2022-05-23T11:45:49+00:00\" \/>\n<meta name=\"twitter:card\" content=\"summary_large_image\" \/>\n<meta name=\"twitter:label1\" content=\"Gesch\u00e4tzte Lesezeit\" \/>\n\t<meta name=\"twitter:data1\" content=\"1\u00a0Minute\" \/>\n<script type=\"application\/ld+json\" class=\"yoast-schema-graph\">{\"@context\":\"https:\\\/\\\/schema.org\",\"@graph\":[{\"@type\":\"WebPage\",\"@id\":\"https:\\\/\\\/detryfoodgroup.be\\\/privacy-policy\\\/\",\"url\":\"https:\\\/\\\/detryfoodgroup.be\\\/privacy-policy\\\/\",\"name\":\"Privacy policy - Detry Food Group\",\"isPartOf\":{\"@id\":\"https:\\\/\\\/detryfoodgroup.be\\\/#website\"},\"datePublished\":\"2022-04-04T08:14:20+00:00\",\"dateModified\":\"2022-05-23T11:45:49+00:00\",\"breadcrumb\":{\"@id\":\"https:\\\/\\\/detryfoodgroup.be\\\/privacy-policy\\\/#breadcrumb\"},\"inLanguage\":\"de\",\"potentialAction\":[{\"@type\":\"ReadAction\",\"target\":[\"https:\\\/\\\/detryfoodgroup.be\\\/privacy-policy\\\/\"]}]},{\"@type\":\"BreadcrumbList\",\"@id\":\"https:\\\/\\\/detryfoodgroup.be\\\/privacy-policy\\\/#breadcrumb\",\"itemListElement\":[{\"@type\":\"ListItem\",\"position\":1,\"name\":\"Home\",\"item\":\"https:\\\/\\\/detryfoodgroup.be\\\/de\\\/\"},{\"@type\":\"ListItem\",\"position\":2,\"name\":\"Privacy policy\"}]},{\"@type\":\"WebSite\",\"@id\":\"https:\\\/\\\/detryfoodgroup.be\\\/#website\",\"url\":\"https:\\\/\\\/detryfoodgroup.be\\\/\",\"name\":\"Detry Food Group\",\"description\":\"Detry, un savoir-faire depuis 1963\",\"publisher\":{\"@id\":\"https:\\\/\\\/detryfoodgroup.be\\\/#organization\"},\"potentialAction\":[{\"@type\":\"SearchAction\",\"target\":{\"@type\":\"EntryPoint\",\"urlTemplate\":\"https:\\\/\\\/detryfoodgroup.be\\\/?s={search_term_string}\"},\"query-input\":{\"@type\":\"PropertyValueSpecification\",\"valueRequired\":true,\"valueName\":\"search_term_string\"}}],\"inLanguage\":\"de\"},{\"@type\":\"Organization\",\"@id\":\"https:\\\/\\\/detryfoodgroup.be\\\/#organization\",\"name\":\"Detry Food Group\",\"url\":\"https:\\\/\\\/detryfoodgroup.be\\\/\",\"logo\":{\"@type\":\"ImageObject\",\"inLanguage\":\"de\",\"@id\":\"https:\\\/\\\/detryfoodgroup.be\\\/#\\\/schema\\\/logo\\\/image\\\/\",\"url\":\"https:\\\/\\\/detryfoodgroup.be\\\/wp-content\\\/uploads\\\/2022\\\/04\\\/cropped-detry-food-group-logo.png\",\"contentUrl\":\"https:\\\/\\\/detryfoodgroup.be\\\/wp-content\\\/uploads\\\/2022\\\/04\\\/cropped-detry-food-group-logo.png\",\"width\":1236,\"height\":572,\"caption\":\"Detry Food Group\"},\"image\":{\"@id\":\"https:\\\/\\\/detryfoodgroup.be\\\/#\\\/schema\\\/logo\\\/image\\\/\"}}]}<\/script>\n<!-- \/ Yoast SEO plugin. -->","yoast_head_json":{"title":"Privacy policy - Detry Food Group","robots":{"index":"index","follow":"follow","max-snippet":"max-snippet:-1","max-image-preview":"max-image-preview:large","max-video-preview":"max-video-preview:-1"},"canonical":"https:\/\/detryfoodgroup.be\/privacy-policy\/","og_locale":"de_DE","og_type":"article","og_title":"Privacy policy - Detry Food Group","og_description":"Privacy policy Datenschutzerkl\u00e4rung Die von Ihnen zur Verf\u00fcgung gestellten personenbezogenen Daten werden gem\u00e4\u00df dem Gesetz vom 8.\u00a0Dezember 1992 \u00fcber den Schutz des Privatlebens hinsichtlich der Verarbeitung personenbezogener Daten und der Datenschutz-Grundverordnung (DSGVO \u2013 EU-Verordnung Nr. 2016\/679 vom 27.\u00a0April 2016) verarbeitet. Ihre Daten werden in den Dateien der Firma DETRY FOOD GROUP NV, rue de Merckhof [&hellip;]","og_url":"https:\/\/detryfoodgroup.be\/privacy-policy\/","og_site_name":"Detry Food Group","article_modified_time":"2022-05-23T11:45:49+00:00","twitter_card":"summary_large_image","twitter_misc":{"Gesch\u00e4tzte Lesezeit":"1\u00a0Minute"},"schema":{"@context":"https:\/\/schema.org","@graph":[{"@type":"WebPage","@id":"https:\/\/detryfoodgroup.be\/privacy-policy\/","url":"https:\/\/detryfoodgroup.be\/privacy-policy\/","name":"Privacy policy - Detry Food Group","isPartOf":{"@id":"https:\/\/detryfoodgroup.be\/#website"},"datePublished":"2022-04-04T08:14:20+00:00","dateModified":"2022-05-23T11:45:49+00:00","breadcrumb":{"@id":"https:\/\/detryfoodgroup.be\/privacy-policy\/#breadcrumb"},"inLanguage":"de","potentialAction":[{"@type":"ReadAction","target":["https:\/\/detryfoodgroup.be\/privacy-policy\/"]}]},{"@type":"BreadcrumbList","@id":"https:\/\/detryfoodgroup.be\/privacy-policy\/#breadcrumb","itemListElement":[{"@type":"ListItem","position":1,"name":"Home","item":"https:\/\/detryfoodgroup.be\/de\/"},{"@type":"ListItem","position":2,"name":"Privacy policy"}]},{"@type":"WebSite","@id":"https:\/\/detryfoodgroup.be\/#website","url":"https:\/\/detryfoodgroup.be\/","name":"Detry Food Group","description":"Detry, un savoir-faire depuis 1963","publisher":{"@id":"https:\/\/detryfoodgroup.be\/#organization"},"potentialAction":[{"@type":"SearchAction","target":{"@type":"EntryPoint","urlTemplate":"https:\/\/detryfoodgroup.be\/?s={search_term_string}"},"query-input":{"@type":"PropertyValueSpecification","valueRequired":true,"valueName":"search_term_string"}}],"inLanguage":"de"},{"@type":"Organization","@id":"https:\/\/detryfoodgroup.be\/#organization","name":"Detry Food Group","url":"https:\/\/detryfoodgroup.be\/","logo":{"@type":"ImageObject","inLanguage":"de","@id":"https:\/\/detryfoodgroup.be\/#\/schema\/logo\/image\/","url":"https:\/\/detryfoodgroup.be\/wp-content\/uploads\/2022\/04\/cropped-detry-food-group-logo.png","contentUrl":"https:\/\/detryfoodgroup.be\/wp-content\/uploads\/2022\/04\/cropped-detry-food-group-logo.png","width":1236,"height":572,"caption":"Detry Food Group"},"image":{"@id":"https:\/\/detryfoodgroup.be\/#\/schema\/logo\/image\/"}}]}},"_links":{"self":[{"href":"https:\/\/detryfoodgroup.be\/de\/wp-json\/wp\/v2\/pages\/921","targetHints":{"allow":["GET"]}}],"collection":[{"href":"https:\/\/detryfoodgroup.be\/de\/wp-json\/wp\/v2\/pages"}],"about":[{"href":"https:\/\/detryfoodgroup.be\/de\/wp-json\/wp\/v2\/types\/page"}],"author":[{"embeddable":true,"href":"https:\/\/detryfoodgroup.be\/de\/wp-json\/wp\/v2\/users\/1"}],"replies":[{"embeddable":true,"href":"https:\/\/detryfoodgroup.be\/de\/wp-json\/wp\/v2\/comments?post=921"}],"version-history":[{"count":1,"href":"https:\/\/detryfoodgroup.be\/de\/wp-json\/wp\/v2\/pages\/921\/revisions"}],"predecessor-version":[{"id":922,"href":"https:\/\/detryfoodgroup.be\/de\/wp-json\/wp\/v2\/pages\/921\/revisions\/922"}],"wp:attachment":[{"href":"https:\/\/detryfoodgroup.be\/de\/wp-json\/wp\/v2\/media?parent=921"}],"curies":[{"name":"wp","href":"https:\/\/api.w.org\/{rel}","templated":true}]}}